{"id":581,"date":"2020-03-02T13:24:44","date_gmt":"2020-03-02T13:24:44","guid":{"rendered":"https:\/\/alliedmedicalcenters.com\/?page_id=581"},"modified":"2020-06-30T13:17:56","modified_gmt":"2020-06-30T13:17:56","slug":"testimonios","status":"publish","type":"page","link":"https:\/\/alliedmedicalcenters.com\/es\/testimonios\/","title":{"rendered":"Testimonios"},"content":{"rendered":"<div class=\"wpb-content-wrapper\"><div class=\"vc_row wpb_row vc_row-fluid\"><div class=\"wpb_column vc_column_container vc_col-sm-12\"><div class=\"vc_column-inner\"><div class=\"wpb_wrapper\"><div id=\"ultimate-heading-134369d2a75b8297f\" class=\"uvc-heading ult-adjust-bottom-margin ultimate-heading-134369d2a75b8297f uvc-6968\" data-hspacer=\"no_spacer\"  data-halign=\"center\" style=\"text-align:center\"><div class=\"uvc-heading-spacer no_spacer\" style=\"top\"><\/div><div class=\"uvc-main-heading ult-responsive\"  data-ultimate-target='.uvc-heading.ultimate-heading-134369d2a75b8297f h1'  data-responsive-json-new='{\"font-size\":\"desktop:36px;\",\"line-height\":\"\"}' ><h1 style=\"--font-weight:theme;\">Testimonios de pacientes<\/h1><\/div><\/div><div class=\"vc_row wpb_row vc_inner vc_row-fluid vc_custom_1583430532782\"><div class=\"wpb_column vc_column_container vc_col-sm-4\"><div class=\"vc_column-inner\"><div class=\"wpb_wrapper\"><div class=\"aio-icon-component    style_1\"><div id=\"Info-box-wrap-8645\" class=\"aio-icon-box default-icon\" style=\"\"  ><div class=\"aio-icon-default\"><div class=\"ult-just-icon-wrapper\"><div class=\"align-icon\" style=\"text-align:center;\">\n<div class=\"aio-icon-img\" style=\"font-size:px;display:inline-block;\" >\n\t<img data-opt-id=152554382  fetchpriority=\"high\" decoding=\"async\" class=\"img-icon\" alt=\"null\" src=\"https:\/\/mlyvazivw6pe.i.optimole.com\/w:auto\/h:auto\/q:mauto\/f:best\/https:\/\/alliedmedicalcenters.com\/wp-content\/uploads\/2020\/03\/photo.png\"\/>\n<\/div><\/div><\/div><\/div><div class=\"aio-icon-header\" ><h3 class=\"aio-icon-title ult-responsive\"  data-ultimate-target='#Info-box-wrap-8645 .aio-icon-title'  data-responsive-json-new='{\"font-size\":\"desktop:20px;\",\"line-height\":\"\"}'  style=\"\">Abbas Aqdam<\/h3><\/div> <!-- header --><div class=\"aio-icon-description ult-responsive\"  data-ultimate-target='#Info-box-wrap-8645 .aio-icon-description'  data-responsive-json-new='{\"font-size\":\"\",\"line-height\":\"\"}'  style=\"\">\"Personal amable y simp\u00e1tico\"<\/div> <!-- description --><\/div> <!-- aio-icon-box --><\/div> <!-- aio-icon-component --><\/div><\/div><\/div><div class=\"wpb_column vc_column_container vc_col-sm-4\"><div class=\"vc_column-inner\"><div class=\"wpb_wrapper\"><div class=\"aio-icon-component    style_1\"><div id=\"Info-box-wrap-9982\" class=\"aio-icon-box default-icon\" style=\"\"  ><div class=\"aio-icon-default\"><div class=\"ult-just-icon-wrapper\"><div class=\"align-icon\" style=\"text-align:center;\">\n<div class=\"aio-icon-img\" style=\"font-size:px;display:inline-block;\" >\n\t<img data-opt-id=1629642473  fetchpriority=\"high\" decoding=\"async\" class=\"img-icon\" alt=\"null\" src=\"https:\/\/mlyvazivw6pe.i.optimole.com\/w:auto\/h:auto\/q:mauto\/f:best\/https:\/\/alliedmedicalcenters.com\/wp-content\/uploads\/2020\/03\/photo-1.png\"\/>\n<\/div><\/div><\/div><\/div><div class=\"aio-icon-header\" ><h3 class=\"aio-icon-title ult-responsive\"  data-ultimate-target='#Info-box-wrap-9982 .aio-icon-title'  data-responsive-json-new='{\"font-size\":\"desktop:20px;\",\"line-height\":\"\"}'  style=\"\">Ronnie Payne<\/h3><\/div> <!-- header --><div class=\"aio-icon-description ult-responsive\"  data-ultimate-target='#Info-box-wrap-9982 .aio-icon-description'  data-responsive-json-new='{\"font-size\":\"\",\"line-height\":\"\"}'  style=\"\">\"Para m\u00ed... el departamento de fisioterapia hizo un trabajo maravilloso rehabilitando mis lesiones\".<\/div> <!-- description --><\/div> <!-- aio-icon-box --><\/div> <!-- aio-icon-component --><\/div><\/div><\/div><div class=\"wpb_column vc_column_container vc_col-sm-4\"><div class=\"vc_column-inner\"><div class=\"wpb_wrapper\"><div class=\"aio-icon-component    style_1\"><div id=\"Info-box-wrap-3157\" class=\"aio-icon-box default-icon\" style=\"\"  ><div class=\"aio-icon-default\"><div class=\"ult-just-icon-wrapper\"><div class=\"align-icon\" style=\"text-align:center;\">\n<div class=\"aio-icon-img\" style=\"font-size:px;display:inline-block;\" >\n\t<img data-opt-id=351643707  fetchpriority=\"high\" decoding=\"async\" class=\"img-icon\" alt=\"null\" src=\"https:\/\/mlyvazivw6pe.i.optimole.com\/w:auto\/h:auto\/q:mauto\/f:best\/https:\/\/alliedmedicalcenters.com\/wp-content\/uploads\/2020\/03\/photo-2.png\"\/>\n<\/div><\/div><\/div><\/div><div class=\"aio-icon-header\" ><h3 class=\"aio-icon-title ult-responsive\"  data-ultimate-target='#Info-box-wrap-3157 .aio-icon-title'  data-responsive-json-new='{\"font-size\":\"desktop:20px;\",\"line-height\":\"\"}'  style=\"\">Tionna Cobb<\/h3><\/div> <!-- header --><div class=\"aio-icon-description ult-responsive\"  data-ultimate-target='#Info-box-wrap-3157 .aio-icon-description'  data-responsive-json-new='{\"font-size\":\"\",\"line-height\":\"\"}'  style=\"\">\"Son incre\u00edbles\".<\/div> <!-- description --><\/div> <!-- aio-icon-box --><\/div> <!-- aio-icon-component --><\/div><\/div><\/div><\/div><div class=\"vc_row wpb_row vc_inner vc_row-fluid\"><div class=\"wpb_column vc_column_container vc_col-sm-4\"><div class=\"vc_column-inner\"><div class=\"wpb_wrapper\"><div class=\"aio-icon-component    style_1\"><div id=\"Info-box-wrap-2403\" class=\"aio-icon-box default-icon\" style=\"\"  ><div class=\"aio-icon-default\"><div class=\"ult-just-icon-wrapper\"><div class=\"align-icon\" style=\"text-align:center;\">\n<div class=\"aio-icon-img\" style=\"font-size:px;display:inline-block;\" >\n\t<img data-opt-id=152554382  fetchpriority=\"high\" decoding=\"async\" class=\"img-icon\" alt=\"null\" src=\"https:\/\/mlyvazivw6pe.i.optimole.com\/w:auto\/h:auto\/q:mauto\/f:best\/https:\/\/alliedmedicalcenters.com\/wp-content\/uploads\/2020\/03\/photo.png\"\/>\n<\/div><\/div><\/div><\/div><div class=\"aio-icon-header\" ><h3 class=\"aio-icon-title ult-responsive\"  data-ultimate-target='#Info-box-wrap-2403 .aio-icon-title'  data-responsive-json-new='{\"font-size\":\"desktop:20px;\",\"line-height\":\"\"}'  style=\"\">PMTasha B.<\/h3><\/div> <!-- header --><div class=\"aio-icon-description ult-responsive\"  data-ultimate-target='#Info-box-wrap-2403 .aio-icon-description'  data-responsive-json-new='{\"font-size\":\"\",\"line-height\":\"\"}'  style=\"\">\"Esta clinica medica\/terapeutica tiene el MEJOR personal. Vine aqu\u00ed por lesiones en la espalda y la rodilla y me pusieron en un r\u00e9gimen que mejor\u00f3 mi fuerza de cada lesi\u00f3n. \u00a1Me alegr\u00e9 de venir aqu\u00ed! El m\u00e9dico, el Dr. Parrish es un gran oyente y entiende su dolor. \u00c9l va a trav\u00e9s de averiguar la lesi\u00f3n exacta y el nivel de dolor para acceder a un tratamiento adecuado. El Dr. Esteban es muy amable e informativo. \u00c9l va a trav\u00e9s y se toma el tiempo para ense\u00f1ar a trav\u00e9s de la parte quiropr\u00e1ctico de c\u00f3mo las lesiones ocurren y c\u00f3mo curar. Erick es el terapeuta que puso mi r\u00e9gimen juntos para asegurar ejercicios condicionales completos para mejorar la resistencia en mi cuerpo. Leyla, est\u00e1 en la recepci\u00f3n que ayud\u00f3 a poner mis citas y archivos juntos para gestionar mis visitas y seguimiento en mis fortalezas de cada visita. \u00a1Ella es siempre sonriente y muy agradable! \u00a1Esto es de primera clase para la terapia de las lesiones! \u00a1Esta es mi segunda vez usando esta ubicaci\u00f3n y feliz de saber que estoy en las manos adecuadas para el cuidado de la salud! Pru\u00e9belo usted mismo, no se arrepentir\u00e1 de la atenci\u00f3n que prestan a los pacientes!\"<\/div> <!-- description --><\/div> <!-- aio-icon-box --><\/div> <!-- aio-icon-component --><\/div><\/div><\/div><div class=\"wpb_column vc_column_container vc_col-sm-4\"><div class=\"vc_column-inner\"><div class=\"wpb_wrapper\"><\/div><\/div><\/div><div class=\"wpb_column vc_column_container vc_col-sm-4\"><div class=\"vc_column-inner\"><div class=\"wpb_wrapper\"><\/div><\/div><\/div><\/div><\/div><\/div><\/div><\/div>\n<\/div>","protected":false},"excerpt":{"rendered":"<p>Patients Testimonials Abbas Aqdam \u201cNice and friendly staffs\u201d Ronnie Payne \u201cFor me&#8230;the physical therapy department did a wonderful job rehabbing my injuries.\u201d Tionna Cobb \u201cThey are amazing.\u201d PMTasha B. \u201cThis medical\/ therapy clinic has the BEST staff!! I came here for injuries on my back and knee and they got me on a regimen that&hellip;<\/p>","protected":false},"author":3,"featured_media":0,"parent":0,"menu_order":0,"comment_status":"closed","ping_status":"closed","template":"","meta":{"footnotes":""},"class_list":["post-581","page","type-page","status-publish","hentry","description-off"],"_links":{"self":[{"href":"https:\/\/alliedmedicalcenters.com\/es\/wp-json\/wp\/v2\/pages\/581","targetHints":{"allow":["GET"]}}],"collection":[{"href":"https:\/\/alliedmedicalcenters.com\/es\/wp-json\/wp\/v2\/pages"}],"about":[{"href":"https:\/\/alliedmedicalcenters.com\/es\/wp-json\/wp\/v2\/types\/page"}],"author":[{"embeddable":true,"href":"https:\/\/alliedmedicalcenters.com\/es\/wp-json\/wp\/v2\/users\/3"}],"replies":[{"embeddable":true,"href":"https:\/\/alliedmedicalcenters.com\/es\/wp-json\/wp\/v2\/comments?post=581"}],"version-history":[{"count":7,"href":"https:\/\/alliedmedicalcenters.com\/es\/wp-json\/wp\/v2\/pages\/581\/revisions"}],"predecessor-version":[{"id":649,"href":"https:\/\/alliedmedicalcenters.com\/es\/wp-json\/wp\/v2\/pages\/581\/revisions\/649"}],"wp:attachment":[{"href":"https:\/\/alliedmedicalcenters.com\/es\/wp-json\/wp\/v2\/media?parent=581"}],"curies":[{"name":"wp","href":"https:\/\/api.w.org\/{rel}","templated":true}]}}