{"id":3,"date":"2020-02-05T12:22:08","date_gmt":"2020-02-05T12:22:08","guid":{"rendered":"https:\/\/alliedmedicalcenters.com\/?page_id=3"},"modified":"2021-01-29T20:49:49","modified_gmt":"2021-01-29T20:49:49","slug":"politica-de-privacidad","status":"publish","type":"page","link":"https:\/\/alliedmedicalcenters.com\/es\/politica-de-privacidad\/","title":{"rendered":"Pol\u00edtica de privacidad"},"content":{"rendered":"<div class=\"wpb-content-wrapper\"><div class=\"vc_row wpb_row vc_row-fluid\"><div class=\"wpb_column vc_column_container vc_col-sm-12\"><div class=\"vc_column-inner\"><div class=\"wpb_wrapper\">\n\t<div class=\"wpb_text_column wpb_content_element\" >\n\t\t<div class=\"wpb_wrapper\">\n\t\t\t<p>&nbsp;<\/p>\n<section id=\"Policy\" class=\"main ui-repeater\">\n<h2 class=\"wp-block-heading\">Pol\u00edtica de privacidad<\/h2>\n<p>Reconocemos que puede preocuparle el uso y la divulgaci\u00f3n que hacemos de su informaci\u00f3n personal. Su privacidad es muy importante para nosotros, y a continuaci\u00f3n le informaremos de la informaci\u00f3n que nosotros, QualCare Rehabilitation and Allied Medical Centers, podemos recopilar de usted, y c\u00f3mo se utiliza. Al utilizar nuestro sitio web, www.qualcarerehab.com, usted acepta las pr\u00e1cticas descritas en esta pol\u00edtica.<\/p>\n<h2>Recogida de informaci\u00f3n<\/h2>\n<p>Podemos recopilar informaci\u00f3n no personal, como el nombre de dominio y la direcci\u00f3n IP. El nombre de dominio y la direcci\u00f3n IP no revelan nada personal sobre usted, salvo la direcci\u00f3n IP desde la que ha accedido a nuestro sitio. Tambi\u00e9n podemos recoger informaci\u00f3n sobre el tipo de navegador de Internet que utiliza, el sistema operativo, qu\u00e9 le llev\u00f3 a nuestro sitio web, as\u00ed como a cu\u00e1les de nuestras p\u00e1ginas web ha accedido.<\/p>\n<p>Adem\u00e1s, si se comunica con nosotros en relaci\u00f3n con nuestro sitio web o nuestros servicios, recopilaremos cualquier informaci\u00f3n que nos proporcione en dicha comunicaci\u00f3n.<\/p>\n<p>Es posible que en el futuro nos pongamos en contacto con usted por correo electr\u00f3nico para informarle de ofertas especiales, nuevos productos o servicios, o cambios en esta pol\u00edtica de privacidad.<\/p>\n<h2>Uso de la informaci\u00f3n<\/h2>\n<p>Utilizamos la informaci\u00f3n recopilada principalmente para nuestros propios fines internos, como proporcionar, mantener, evaluar y mejorar nuestros servicios y el sitio web, satisfacer las solicitudes de informaci\u00f3n y proporcionar atenci\u00f3n al cliente.<\/p>\n<h2>Seguridad<\/h2>\n<p>Seguimos las normas industriales generalmente aceptadas para proteger la informaci\u00f3n que se nos env\u00eda, tanto durante la transmisi\u00f3n como una vez recibida.<\/p>\n<p>Si recopilamos informaci\u00f3n sensible (como datos de tarjetas de cr\u00e9dito), esa informaci\u00f3n se cifra y se nos transmite de forma segura. Puede comprobarlo buscando el icono de un candado cerrado en la parte inferior de su navegador o buscando \"https\" al principio de la direcci\u00f3n de la p\u00e1gina web.<\/p>\n<p>Aunque utilizamos el cifrado para proteger la informaci\u00f3n confidencial transmitida en l\u00ednea, tambi\u00e9n protegemos su informaci\u00f3n fuera de l\u00ednea. S\u00f3lo los empleados que necesitan la informaci\u00f3n para realizar un trabajo espec\u00edfico (por ejemplo, facturaci\u00f3n o atenci\u00f3n al cliente) tienen acceso a la informaci\u00f3n de identificaci\u00f3n personal. Los ordenadores\/servidores en los que almacenamos la informaci\u00f3n de identificaci\u00f3n personal se mantienen en un entorno seguro.<\/p>\n<h2>Cookies<\/h2>\n<p>En este sitio utilizamos \"cookies\". Una cookie es un fragmento de datos que se almacena en el disco duro del visitante para ayudarnos a mejorar su acceso a nuestro sitio e identificar a los visitantes habituales. Por ejemplo, si utilizamos una cookie para identificarle, no tendr\u00e1 que introducir una contrase\u00f1a m\u00e1s de una vez, con lo que ahorrar\u00e1 tiempo en nuestro sitio. Las cookies tambi\u00e9n nos permiten rastrear y orientar los intereses de nuestros usuarios para mejorar la experiencia en nuestro sitio. El uso de una cookie no est\u00e1 vinculado en modo alguno a ninguna informaci\u00f3n personal identificable en nuestro sitio.<\/p>\n<h2>Compartir<\/h2>\n<p>No venderemos ni facilitaremos de ning\u00fan otro modo la informaci\u00f3n que recopilemos a terceros con fines de marketing masivo directo o indirecto por correo electr\u00f3nico.<\/p>\n<p>Divulgaremos informaci\u00f3n personal y\/o una direcci\u00f3n IP, cuando lo exija la ley o en la creencia de buena fe de que dicha acci\u00f3n es necesaria para:<\/p>\n<ul>\n<li>Cooperar con las investigaciones de supuestas actividades ilegales y ajustarse a los edictos de la ley o cumplir con los procesos legales notificados a nuestra empresa.<\/li>\n<li>Proteger y defender los derechos o la propiedad de nuestro sitio web y propiedades relacionadas.<\/li>\n<li>Identificar a personas que puedan estar infringiendo la ley, los derechos de terceros o haciendo un uso indebido de nuestro sitio web o de sus propiedades relacionadas.<\/li>\n<\/ul>\n<p>Tenga en cuenta que siempre que revele voluntariamente informaci\u00f3n personal en l\u00ednea -por ejemplo, a trav\u00e9s del correo electr\u00f3nico, foros de debate o cualquier otro medio- esa informaci\u00f3n puede ser recopilada y utilizada por terceros. En resumen, si publica informaci\u00f3n personal en l\u00ednea accesible al p\u00fablico, es posible que reciba a cambio mensajes no solicitados de terceros.<\/p>\n<p>En \u00faltima instancia, usted es el \u00fanico responsable de mantener en secreto su informaci\u00f3n personal. Por favor, sea cuidadoso y responsable siempre que est\u00e9 en l\u00ednea.<\/p>\n<h2>Enlaces<\/h2>\n<p>Este sitio web puede contener enlaces a otros sitios. Tenga en cuenta que no somos responsables del contenido ni de las pr\u00e1cticas de privacidad de esos otros sitios. Animamos a nuestros usuarios a que est\u00e9n atentos cuando salgan de nuestro sitio y a que lean las declaraciones de privacidad de cualquier otro sitio que recopile informaci\u00f3n de identificaci\u00f3n personal.<\/p>\n<h2>Encuestas y concursos<\/h2>\n<p>De vez en cuando, nuestro sitio puede solicitar informaci\u00f3n a trav\u00e9s de encuestas o concursos. La participaci\u00f3n en estas encuestas o concursos es totalmente voluntaria y usted puede decidir si desea o no participar y, por tanto, revelar esta informaci\u00f3n. La informaci\u00f3n solicitada puede incluir datos de contacto (como nombre y direcci\u00f3n de env\u00edo) e informaci\u00f3n demogr\u00e1fica (como c\u00f3digo postal o edad). La informaci\u00f3n de contacto se utilizar\u00e1 para notificar a los ganadores y entregar los premios. La informaci\u00f3n de la encuesta se utilizar\u00e1 para supervisar o mejorar el uso y la satisfacci\u00f3n de este sitio.<\/p>\n<h2>Consentimiento<\/h2>\n<p>Al utilizar este sitio web, usted da su consentimiento a la recogida y uso de la informaci\u00f3n tal y como se ha especificado anteriormente. Si introducimos cambios en nuestra Pol\u00edtica de privacidad, los publicaremos en esta p\u00e1gina. Por favor, revise esta p\u00e1gina con frecuencia para mantenerse al d\u00eda sobre la informaci\u00f3n que recogemos, c\u00f3mo la utilizamos y bajo qu\u00e9 circunstancias la revelamos. Debe revisar detenidamente la nueva Pol\u00edtica de Privacidad para asegurarse de que comprende nuestras pr\u00e1cticas y procedimientos.<\/p>\n<p><strong>Si cree que no estamos cumpliendo esta pol\u00edtica de privacidad, p\u00f3ngase en contacto con nosotros inmediatamente por tel\u00e9fono en la direcci\u00f3n\u00a0<\/strong><strong>(713) 588-0042 o por correo a Attn: Privacy Officer, 403 N. York St.,, Houston, TX 77003.<\/strong><\/p>\n<\/section>\n<p>&nbsp;<\/p>\n<footer id=\"FooterZone\" class=\"icobalt ilayout\">\n<div id=\"Footer\" class=\"footer t5 dark-bg\">\n<div class=\"main flex\">\n<div class=\"footer-info flex three-fifths spaced\">\n<div class=\"schema-info half\">\n<div class=\"business-info\">\u00a0<\/div>\n<\/div>\n<\/div>\n<\/div>\n<\/div>\n<\/footer>\n\n\t\t<\/div>\n\t<\/div>\n<\/div><\/div><\/div><\/div><\/div>","protected":false},"excerpt":{"rendered":"<p>&nbsp; Pol\u00edtica de privacidad Reconocemos que puede preocuparle el uso y la divulgaci\u00f3n que hacemos de su informaci\u00f3n personal. Su privacidad es muy importante para nosotros, y lo siguiente le informar\u00e1 de la informaci\u00f3n que nosotros, QualCare Rehabilitation and Allied Medical Centers, podemos recopilar de usted, y c\u00f3mo se utiliza. Al utilizar nuestro...<\/p>","protected":false},"author":3,"featured_media":0,"parent":0,"menu_order":0,"comment_status":"closed","ping_status":"open","template":"","meta":{"footnotes":""},"class_list":["post-3","page","type-page","status-publish","hentry","description-off"],"_links":{"self":[{"href":"https:\/\/alliedmedicalcenters.com\/es\/wp-json\/wp\/v2\/pages\/3","targetHints":{"allow":["GET"]}}],"collection":[{"href":"https:\/\/alliedmedicalcenters.com\/es\/wp-json\/wp\/v2\/pages"}],"about":[{"href":"https:\/\/alliedmedicalcenters.com\/es\/wp-json\/wp\/v2\/types\/page"}],"author":[{"embeddable":true,"href":"https:\/\/alliedmedicalcenters.com\/es\/wp-json\/wp\/v2\/users\/3"}],"replies":[{"embeddable":true,"href":"https:\/\/alliedmedicalcenters.com\/es\/wp-json\/wp\/v2\/comments?post=3"}],"version-history":[{"count":2,"href":"https:\/\/alliedmedicalcenters.com\/es\/wp-json\/wp\/v2\/pages\/3\/revisions"}],"predecessor-version":[{"id":1503,"href":"https:\/\/alliedmedicalcenters.com\/es\/wp-json\/wp\/v2\/pages\/3\/revisions\/1503"}],"wp:attachment":[{"href":"https:\/\/alliedmedicalcenters.com\/es\/wp-json\/wp\/v2\/media?parent=3"}],"curies":[{"name":"wp","href":"https:\/\/api.w.org\/{rel}","templated":true}]}}