{"id":179,"date":"2020-02-10T16:58:58","date_gmt":"2020-02-10T16:58:58","guid":{"rendered":"https:\/\/alliedmedicalcenters.com\/?page_id=179"},"modified":"2025-10-01T16:22:31","modified_gmt":"2025-10-01T16:22:31","slug":"contacto","status":"publish","type":"page","link":"https:\/\/alliedmedicalcenters.com\/es\/contacto\/","title":{"rendered":"Contacte con nosotros"},"content":{"rendered":"<div class=\"wpb-content-wrapper\"><div class=\"vc_row wpb_row vc_row-fluid\"><div class=\"wpb_column vc_column_container vc_col-sm-12\"><div class=\"vc_column-inner\"><div class=\"wpb_wrapper\">\n\t\t\t<!-- START Contact REVOLUTION SLIDER 6.7.37 --><p class=\"rs-p-wp-fix\"><\/p>\n\t\t\t<rs-module-wrap id=\"rev_slider_9_1_wrapper\" data-source=\"gallery\" style=\"visibility:hidden;background:transparent;padding:0;margin:0px auto;margin-top:0;margin-bottom:0;\">\n\t\t\t\t<rs-module id=\"rev_slider_9_1\" style=\"\" data-version=\"6.7.37\">\n\t\t\t\t\t<rs-slides style=\"overflow: hidden; position: absolute;\">\n\t\t\t\t\t\t<rs-slide style=\"position: absolute;\" data-key=\"rs-10\" data-title=\"Slide\" data-in=\"o:0;\" data-out=\"a:false;\">\n\t\t\t\t\t\t\t<img data-opt-id=586202197  fetchpriority=\"high\" decoding=\"async\" src=\"https:\/\/mlyvazivw6pe.i.optimole.com\/w:auto\/h:auto\/q:mauto\/f:best\/https:\/\/alliedmedicalcenters.com\/wp-content\/plugins\/revslider\/sr6\/assets\/assets\/dummy.png\" alt=\"Centros m\u00e9dicos aliados\" title=\"innerpage-banner\" width=\"1920\" height=\"400\" class=\"rev-slidebg tp-rs-img rs-lazyload\" data-lazyload=\"https:\/\/mlyvazivw6pe.i.optimole.com\/w:auto\/h:auto\/q:mauto\/f:best\/https:\/\/alliedmedicalcenters.com\/wp-content\/uploads\/2020\/05\/innerpage-banner.jpg\" data-no-retina>\n<!--\n\t\t\t\t\t\t\t--><rs-layer\n\t\t\t\t\t\t\t\tid=\"slider-9-slide-10-layer-0\" \n\t\t\t\t\t\t\t\tdata-type=\"text\"\n\t\t\t\t\t\t\t\tdata-rsp_ch=\"on\"\n\t\t\t\t\t\t\t\tdata-xy=\"x:l,l,l,c;xo:312px,312px,312px,0;yo:176px,176px,176px,65px;\"\n\t\t\t\t\t\t\t\tdata-text=\"w:normal;s:50,50,50,20;l:52,52,52,13;fw:700;\"\n\t\t\t\t\t\t\t\tdata-frame_999=\"o:0;st:w;\"\n\t\t\t\t\t\t\t\tstyle=\"z-index:8;font-family:'Roboto';\"\n\t\t\t\t\t\t\t>CONTACTA CON NUESTRO EQUIPO DE PROFESIONALES \n\t\t\t\t\t\t\t<\/rs-layer><!--\n-->\t\t\t\t\t<\/rs-slide>\n\t\t\t\t\t<\/rs-slides>\n\t\t\t\t<\/rs-module>\n\t\t\t\t<script>\n\t\t\t\t\tsetREVStartSize({c: 'rev_slider_9_1',rl:[1240,1240,1240,480],el:[400,400,400,200],gw:[1920,1920,1920,540],gh:[400,400,400,200],type:'standard',justify:'',layout:'fullwidth',mh:\"0\"});if (window.RS_MODULES!==undefined && window.RS_MODULES.modules!==undefined && window.RS_MODULES.modules[\"revslider91\"]!==undefined) {window.RS_MODULES.modules[\"revslider91\"].once = false;window.revapi9 = undefined;if (window.RS_MODULES.checkMinimal!==undefined) window.RS_MODULES.checkMinimal()}\n\t\t\t\t<\/script>\n\t\t\t<\/rs-module-wrap>\n\t\t\t<!-- END REVOLUTION SLIDER -->\n<\/div><\/div><\/div><\/div><div data-vc-full-width=\"true\" data-vc-full-width-temp=\"true\" data-vc-full-width-init=\"false\" class=\"vc_row wpb_row vc_row-fluid vc_custom_1588019477527\"><div class=\"wpb_column vc_column_container vc_col-sm-12\"><div class=\"vc_column-inner\"><div class=\"wpb_wrapper\"><div class=\"vc_row wpb_row vc_inner vc_row-fluid\"><div class=\"wpb_column vc_column_container vc_col-sm-6\"><div class=\"vc_column-inner\"><div class=\"wpb_wrapper\"><div id=\"ultimate-heading-32569e8ea8cf07d4\" class=\"uvc-heading ult-adjust-bottom-margin ultimate-heading-32569e8ea8cf07d4 uvc-3767\" data-hspacer=\"no_spacer\"  data-halign=\"left\" style=\"text-align:left\"><div class=\"uvc-heading-spacer no_spacer\" style=\"top\"><\/div><div class=\"uvc-main-heading ult-responsive\"  data-ultimate-target='.uvc-heading.ultimate-heading-32569e8ea8cf07d4 h4'  data-responsive-json-new='{\"font-size\":\"desktop:36px;\",\"line-height\":\"\"}' ><h4 style=\"--font-weight:theme;color:#2d3e50;\">Centros m\u00e9dicos aliados<\/h4><\/div><div class=\"uvc-sub-heading ult-responsive\"  data-ultimate-target='.uvc-heading.ultimate-heading-32569e8ea8cf07d4 .uvc-sub-heading '  data-responsive-json-new='{\"font-size\":\"\",\"line-height\":\"\"}'  style=\"font-weight:normal;\"><\/p>\n<p style=\"color: #134370 !important; text-align: left;\">Iniciemos el camino hacia la recuperaci\u00f3n<\/p>\n<p><\/div><\/div><div class=\"smile_icon_list_wrap ult_info_list_container ult-adjust-bottom-margin\"><ul class=\"smile_icon_list left square with_bg\"><li class=\"icon_list_item\" style=\" font-size:72px;\"><div class=\"icon_list_icon\" data-animation=\"\" data-animation-delay=\"03\" style=\"font-size:24px;border-width:1px;border-style:none;background:#134370;color:#333333;border-color:#333333;\"><i class=\"icomoon-the7-font-the7-home-00\" ><\/i><\/div><div class=\"icon_description\" id=\"Info-list-wrap-1586\" style=\"font-size:24px;\"><p class=\"ult-responsive info-list-heading\"  data-ultimate-target='#Info-list-wrap-1586 p'  data-responsive-json-new='{\"font-size\":\"desktop:16px;\",\"line-height\":\"desktop:24px;\"}'  style=\"color:#000000;\">403 N. York St. Houston, TX 77003<\/p><div class=\"icon_description_text ult-responsive\"  data-ultimate-target='#Info-list-wrap-1586 .icon_description_text'  data-responsive-json-new='{\"font-size\":\"desktop:13px;\",\"line-height\":\"desktop:18px;\"}'  style=\"\"><\/div><\/div><div class=\"icon_list_connector\"  style=\"border-right-width: 1px;border-right-style: dashed;border-color: #333333;\"><\/div><\/li><li class=\"icon_list_item\" style=\" font-size:72px;\"><div class=\"icon_list_icon\" data-animation=\"\" data-animation-delay=\"03\" style=\"font-size:24px;border-width:1px;border-style:none;background:#134370;color:#333333;border-color:#333333;\"><i class=\"icomoon-the7-font-the7-phone-051\" ><\/i><\/div><div class=\"icon_description\" id=\"Info-list-wrap-2542\" style=\"font-size:24px;\"><p class=\"ult-responsive info-list-heading\"  data-ultimate-target='#Info-list-wrap-2542 p'  data-responsive-json-new='{\"font-size\":\"desktop:16px;\",\"line-height\":\"desktop:24px;\"}'  style=\"color:#ffffff;\">Tel\u00e9fono: (713) 785-2667<\/p><div class=\"icon_description_text ult-responsive\"  data-ultimate-target='#Info-list-wrap-2542 .icon_description_text'  data-responsive-json-new='{\"font-size\":\"desktop:13px;\",\"line-height\":\"desktop:18px;\"}'  style=\"\"><\/div><\/div><div class=\"icon_list_connector\"  style=\"border-right-width: 1px;border-right-style: dashed;border-color: #333333;\"><\/div><\/li><li class=\"icon_list_item\" style=\" font-size:72px;\"><div class=\"icon_list_icon\" data-animation=\"\" data-animation-delay=\"03\" style=\"font-size:24px;border-width:1px;border-style:none;background:#134370;color:#333333;border-color:#333333;\"><i class=\"Defaults-fax\" ><\/i><\/div><div class=\"icon_description\" id=\"Info-list-wrap-6783\" style=\"font-size:24px;\"><p class=\"ult-responsive info-list-heading\"  data-ultimate-target='#Info-list-wrap-6783 p'  data-responsive-json-new='{\"font-size\":\"desktop:16px;\",\"line-height\":\"desktop:24px;\"}'  style=\"color:#ffffff;\">Fax: (713) 300-9990<\/p><div class=\"icon_description_text ult-responsive\"  data-ultimate-target='#Info-list-wrap-6783 .icon_description_text'  data-responsive-json-new='{\"font-size\":\"desktop:13px;\",\"line-height\":\"desktop:18px;\"}'  style=\"\"><\/div><\/div><div class=\"icon_list_connector\"  style=\"border-right-width: 1px;border-right-style: dashed;border-color: #333333;\"><\/div><\/li><li class=\"icon_list_item\" style=\" font-size:72px;\"><div class=\"icon_list_icon\" data-animation=\"\" data-animation-delay=\"03\" style=\"font-size:24px;border-width:1px;border-style:none;background:#134370;color:#333333;border-color:#333333;\"><i class=\"far fa-envelope\" ><\/i><\/div><div class=\"icon_description\" id=\"Info-list-wrap-8185\" style=\"font-size:24px;\"><p class=\"ult-responsive info-list-heading\"  data-ultimate-target='#Info-list-wrap-8185 p'  data-responsive-json-new='{\"font-size\":\"desktop:16px;\",\"line-height\":\"desktop:24px;\"}'  style=\"color:#ffffff;\">Correo electr\u00f3nico: newpatients@alliedmedicalcenters.com<\/p><div class=\"icon_description_text ult-responsive\"  data-ultimate-target='#Info-list-wrap-8185 .icon_description_text'  data-responsive-json-new='{\"font-size\":\"desktop:13px;\",\"line-height\":\"desktop:18px;\"}'  style=\"\"><\/div><\/div><div class=\"icon_list_connector\"  style=\"border-right-width: 1px;border-right-style: dashed;border-color: #333333;\"><\/div><a class=\"ulimate-info-list-link\" href=\"mailto:newpatients@alliedmedicalcenters.com\" ><\/a><\/li><\/ul><\/div><style type=\"text\/css\" data-type=\"the7_shortcodes-inline-css\">.dt-shortcode-soc-icons.soc-icons-90f1fdbe1a28bc0d5030d83954dbfcdd a {\n  margin-right: 20px;\n}\n.dt-shortcode-soc-icons a.soc-icons-90f1fdbe1a28bc0d5030d83954dbfcdd {\n  margin-right: 20px;\n}\n.dt-shortcode-soc-icons a.soc-icons-90f1fdbe1a28bc0d5030d83954dbfcdd:last-child {\n  margin-right: 0;\n}\n.dt-shortcode-soc-icons a.soc-icons-90f1fdbe1a28bc0d5030d83954dbfcdd:before,\n.dt-shortcode-soc-icons a.soc-icons-90f1fdbe1a28bc0d5030d83954dbfcdd:after {\n  padding: inherit;\n}\n.dt-shortcode-soc-icons a.soc-icons-90f1fdbe1a28bc0d5030d83954dbfcdd.dt-icon-border-on:before {\n  border:  solid ;\n}\n.dt-shortcode-soc-icons a.soc-icons-90f1fdbe1a28bc0d5030d83954dbfcdd.dt-icon-hover-border-on:after {\n  border:  solid ;\n}\n<\/style><div class=\"dt-shortcode-soc-icons  soc-icons-90f1fdbe1a28bc0d5030d83954dbfcdd soc-icons-center\" ><style type=\"text\/css\" data-type=\"the7_shortcodes-inline-css\">.dt-shortcode-soc-icons a.single-soc-icon-238b8af752499db0e0237bca12070333 {\n  min-width: 26px;\n  min-height: 26px;\n  font-size: 30px;\n  border-radius: 100px;\n}\n.dt-shortcode-soc-icons a.single-soc-icon-238b8af752499db0e0237bca12070333:last-child {\n  margin-right: 0;\n}\n.dt-shortcode-soc-icons a.single-soc-icon-238b8af752499db0e0237bca12070333:before,\n.dt-shortcode-soc-icons a.single-soc-icon-238b8af752499db0e0237bca12070333:after {\n  min-width: 26px;\n  min-height: 26px;\n  padding: inherit;\n}\n.dt-shortcode-soc-icons a.single-soc-icon-238b8af752499db0e0237bca12070333.dt-icon-border-on:before {\n  border: 0px solid ;\n}\n.dt-shortcode-soc-icons a.single-soc-icon-238b8af752499db0e0237bca12070333.dt-icon-hover-border-on:after {\n  border: 0px solid ;\n}\n.dt-shortcode-soc-icons a.single-soc-icon-238b8af752499db0e0237bca12070333:hover {\n  font-size: 30px;\n}\n#page .dt-shortcode-soc-icons a.single-soc-icon-238b8af752499db0e0237bca12070333:hover .soc-font-icon,\n#phantom .dt-shortcode-soc-icons a.single-soc-icon-238b8af752499db0e0237bca12070333:hover .soc-font-icon,\n#page .dt-shortcode-soc-icons a.single-soc-icon-238b8af752499db0e0237bca12070333:hover .soc-icon,\n#phantom .dt-shortcode-soc-icons a.single-soc-icon-238b8af752499db0e0237bca12070333:hover .soc-icon {\n  color: #000000;\n  background: none;\n}\n#page .dt-shortcode-soc-icons a.single-soc-icon-238b8af752499db0e0237bca12070333:not(:hover) .soc-font-icon,\n#phantom .dt-shortcode-soc-icons a.single-soc-icon-238b8af752499db0e0237bca12070333:not(:hover) .soc-font-icon,\n#page .dt-shortcode-soc-icons a.single-soc-icon-238b8af752499db0e0237bca12070333:not(:hover) .soc-icon,\n#phantom .dt-shortcode-soc-icons a.single-soc-icon-238b8af752499db0e0237bca12070333:not(:hover) .soc-icon {\n  color: #134370;\n  background: none;\n}\n.dt-shortcode-soc-icons a.single-soc-icon-238b8af752499db0e0237bca12070333 .soc-font-icon,\n.dt-shortcode-soc-icons a.single-soc-icon-238b8af752499db0e0237bca12070333 .soc-icon {\n  font-size: 30px;\n}\n<\/style><a title=\"\" href=\"https:\/\/www.facebook.com\/Qualcare-Rehabilitation-260715630738498\/\" target=\"_blank\" class=\"Defaults-facebook-square single-soc-icon-238b8af752499db0e0237bca12070333 dt-icon-bg-off dt-icon-hover-bg-off\" rel=\"noopener\"><i class=\"soc-icon Defaults-facebook-square\"><\/i><span class=\"screen-reader-text\"><\/span><\/a><style type=\"text\/css\" data-type=\"the7_shortcodes-inline-css\">.dt-shortcode-soc-icons a.single-soc-icon-e37447329b6ed51895f9653ff855fa31 {\n  min-width: 26px;\n  min-height: 26px;\n  font-size: 30px;\n  border-radius: 100px;\n}\n.dt-shortcode-soc-icons a.single-soc-icon-e37447329b6ed51895f9653ff855fa31:last-child {\n  margin-right: 0;\n}\n.dt-shortcode-soc-icons a.single-soc-icon-e37447329b6ed51895f9653ff855fa31:before,\n.dt-shortcode-soc-icons a.single-soc-icon-e37447329b6ed51895f9653ff855fa31:after {\n  min-width: 26px;\n  min-height: 26px;\n  padding: inherit;\n}\n.dt-shortcode-soc-icons a.single-soc-icon-e37447329b6ed51895f9653ff855fa31.dt-icon-border-on:before {\n  border: 0px solid ;\n}\n.dt-shortcode-soc-icons a.single-soc-icon-e37447329b6ed51895f9653ff855fa31.dt-icon-hover-border-on:after {\n  border: 0px solid ;\n}\n.dt-shortcode-soc-icons a.single-soc-icon-e37447329b6ed51895f9653ff855fa31:hover {\n  font-size: 30px;\n}\n#page .dt-shortcode-soc-icons a.single-soc-icon-e37447329b6ed51895f9653ff855fa31:hover .soc-font-icon,\n#phantom .dt-shortcode-soc-icons a.single-soc-icon-e37447329b6ed51895f9653ff855fa31:hover .soc-font-icon,\n#page .dt-shortcode-soc-icons a.single-soc-icon-e37447329b6ed51895f9653ff855fa31:hover .soc-icon,\n#phantom .dt-shortcode-soc-icons a.single-soc-icon-e37447329b6ed51895f9653ff855fa31:hover .soc-icon {\n  color: #000000;\n  background: none;\n}\n#page .dt-shortcode-soc-icons a.single-soc-icon-e37447329b6ed51895f9653ff855fa31:not(:hover) .soc-font-icon,\n#phantom .dt-shortcode-soc-icons a.single-soc-icon-e37447329b6ed51895f9653ff855fa31:not(:hover) .soc-font-icon,\n#page .dt-shortcode-soc-icons a.single-soc-icon-e37447329b6ed51895f9653ff855fa31:not(:hover) .soc-icon,\n#phantom .dt-shortcode-soc-icons a.single-soc-icon-e37447329b6ed51895f9653ff855fa31:not(:hover) .soc-icon {\n  color: #134370;\n  background: none;\n}\n.dt-shortcode-soc-icons a.single-soc-icon-e37447329b6ed51895f9653ff855fa31 .soc-font-icon,\n.dt-shortcode-soc-icons a.single-soc-icon-e37447329b6ed51895f9653ff855fa31 .soc-icon {\n  font-size: 30px;\n}\n<\/style><a title=\"\" href=\"https:\/\/twitter.com\/QualCareRehab\" class=\"Defaults-twitter-square single-soc-icon-e37447329b6ed51895f9653ff855fa31 dt-icon-bg-off dt-icon-hover-bg-off\" target=\"_blank\" rel=\"noopener\"><i class=\"soc-icon Defaults-twitter-square\"><\/i><span class=\"screen-reader-text\"><\/span><\/a><style type=\"text\/css\" data-type=\"the7_shortcodes-inline-css\">.dt-shortcode-soc-icons a.single-soc-icon-9f286b670eedd193a5da729b6c385dfd {\n  min-width: 26px;\n  min-height: 26px;\n  font-size: 30px;\n  border-radius: 100px;\n}\n.dt-shortcode-soc-icons a.single-soc-icon-9f286b670eedd193a5da729b6c385dfd:last-child {\n  margin-right: 0;\n}\n.dt-shortcode-soc-icons a.single-soc-icon-9f286b670eedd193a5da729b6c385dfd:before,\n.dt-shortcode-soc-icons a.single-soc-icon-9f286b670eedd193a5da729b6c385dfd:after {\n  min-width: 26px;\n  min-height: 26px;\n  padding: inherit;\n}\n.dt-shortcode-soc-icons a.single-soc-icon-9f286b670eedd193a5da729b6c385dfd.dt-icon-border-on:before {\n  border: 0px solid ;\n}\n.dt-shortcode-soc-icons a.single-soc-icon-9f286b670eedd193a5da729b6c385dfd.dt-icon-hover-border-on:after {\n  border: 0px solid ;\n}\n.dt-shortcode-soc-icons a.single-soc-icon-9f286b670eedd193a5da729b6c385dfd:hover {\n  font-size: 30px;\n}\n#page .dt-shortcode-soc-icons a.single-soc-icon-9f286b670eedd193a5da729b6c385dfd:hover .soc-font-icon,\n#phantom .dt-shortcode-soc-icons a.single-soc-icon-9f286b670eedd193a5da729b6c385dfd:hover .soc-font-icon,\n#page .dt-shortcode-soc-icons a.single-soc-icon-9f286b670eedd193a5da729b6c385dfd:hover .soc-icon,\n#phantom .dt-shortcode-soc-icons a.single-soc-icon-9f286b670eedd193a5da729b6c385dfd:hover .soc-icon {\n  color: #000000;\n  background: none;\n}\n#page .dt-shortcode-soc-icons a.single-soc-icon-9f286b670eedd193a5da729b6c385dfd:not(:hover) .soc-font-icon,\n#phantom .dt-shortcode-soc-icons a.single-soc-icon-9f286b670eedd193a5da729b6c385dfd:not(:hover) .soc-font-icon,\n#page .dt-shortcode-soc-icons a.single-soc-icon-9f286b670eedd193a5da729b6c385dfd:not(:hover) .soc-icon,\n#phantom .dt-shortcode-soc-icons a.single-soc-icon-9f286b670eedd193a5da729b6c385dfd:not(:hover) .soc-icon {\n  color: #134370;\n  background: none;\n}\n.dt-shortcode-soc-icons a.single-soc-icon-9f286b670eedd193a5da729b6c385dfd .soc-font-icon,\n.dt-shortcode-soc-icons a.single-soc-icon-9f286b670eedd193a5da729b6c385dfd .soc-icon {\n  font-size: 30px;\n}\n<\/style><a title=\"\" href=\"https:\/\/www.instagram.com\/alliedmedicalcenterstx\/\" target=\"_blank\" class=\"icomoon-the7-font-instagram single-soc-icon-9f286b670eedd193a5da729b6c385dfd dt-icon-bg-off dt-icon-hover-bg-off\" rel=\"noopener\"><i class=\"soc-icon icomoon-the7-font-instagram\"><\/i><span class=\"screen-reader-text\"><\/span><\/a><\/div><\/div><\/div><\/div><div class=\"wpb_column vc_column_container vc_col-sm-6\"><div class=\"vc_column-inner\"><div class=\"wpb_wrapper\">\n<div class=\"wpcf7 no-js\" id=\"wpcf7-f5-o1\" lang=\"en-US\" dir=\"ltr\" data-wpcf7-id=\"5\">\n<div class=\"screen-reader-response\"><p role=\"status\" aria-live=\"polite\" aria-atomic=\"true\"><\/p> <ul><\/ul><\/div>\n<form action=\"\/es\/wp-json\/wp\/v2\/pages\/179#wpcf7-f5-o1\" method=\"post\" class=\"wpcf7-form init\" aria-label=\"Formulario de contacto\" novalidate=\"novalidate\" data-status=\"init\" data-trp-original-action=\"\/es\/wp-json\/wp\/v2\/pages\/179#wpcf7-f5-o1\">\n<fieldset class=\"hidden-fields-container\"><input type=\"hidden\" name=\"_wpcf7\" value=\"5\" \/><input type=\"hidden\" name=\"_wpcf7_version\" value=\"6.1.2\" \/><input type=\"hidden\" name=\"_wpcf7_locale\" value=\"en_US\" \/><input type=\"hidden\" name=\"_wpcf7_unit_tag\" value=\"wpcf7-f5-o1\" \/><input type=\"hidden\" name=\"_wpcf7_container_post\" value=\"0\" \/><input type=\"hidden\" name=\"_wpcf7_posted_data_hash\" value=\"\" \/><input type=\"hidden\" name=\"_wpcf7_recaptcha_response\" value=\"\" \/>\n<\/fieldset>\n<p><span class=\"wpcf7-form-control-wrap\" data-name=\"your-name\"><input size=\"40\" maxlength=\"400\" class=\"wpcf7-form-control wpcf7-text wpcf7-validates-as-required\" aria-required=\"true\" aria-invalid=\"false\" placeholder=\"Nombre\" value=\"\" type=\"text\" name=\"your-name\" \/><\/span><span class=\"wpcf7-form-control-wrap\" data-name=\"phone-96\"><input class=\"wpcf7-form-control wpcf7-number wpcf7-validates-as-required wpcf7-validates-as-number\" aria-required=\"true\" aria-invalid=\"false\" placeholder=\"Tel\u00e9fono\" value=\"\" type=\"number\" name=\"phone-96\" \/><\/span>\n<\/p>\n<p><span class=\"wpcf7-form-control-wrap\" data-name=\"your-email\"><input size=\"40\" maxlength=\"400\" class=\"wpcf7-form-control wpcf7-email wpcf7-validates-as-required wpcf7-text wpcf7-validates-as-email\" aria-required=\"true\" aria-invalid=\"false\" placeholder=\"Correo electr\u00f3nico\" value=\"\" type=\"email\" name=\"your-email\" \/><\/span><span class=\"wpcf7-form-control-wrap\" data-name=\"menu-190\"><select class=\"wpcf7-form-control wpcf7-select\" aria-invalid=\"false\" name=\"menu-190\"><option value=\"\">\u00bfEs usted un paciente nuevo?<\/option><option value=\"Yes, I am a potential new patient\">S\u00ed, soy un nuevo paciente potencial<\/option><option value=\"No, I&#039;m a current existing patient\">No, soy un paciente actual<\/option><option value=\"I&#039;m neither.\">No soy ninguna de las dos cosas.<\/option><\/select><\/span>\n<\/p>\n<p><label><span class=\"wpcf7-form-control-wrap\" data-name=\"your-message\"><textarea cols=\"40\" rows=\"10\" maxlength=\"2000\" class=\"wpcf7-form-control wpcf7-textarea\" aria-invalid=\"false\" placeholder=\"Mensaje\" name=\"your-message\"><\/textarea><\/span> <\/label>\n<\/p>\n<span class=\"wpcf7-form-control-wrap recaptcha\" data-name=\"recaptcha\"><span data-sitekey=\"6LcCj_MUAAAAAKpow96Dd36DUJdo8WZVz7CaiAL6\" class=\"wpcf7-form-control wpcf7-recaptcha g-recaptcha\"><\/span>\r\n<noscript>\r\n\t<div class=\"grecaptcha-noscript\">\r\n\t\t<iframe src=\"https:\/\/www.google.com\/recaptcha\/api\/fallback?k=6LcCj_MUAAAAAKpow96Dd36DUJdo8WZVz7CaiAL6\" frameborder=\"0\" scrolling=\"no\" width=\"310\" height=\"430\">\r\n\t\t<\/iframe>\r\n\t\t<textarea name=\"g-recaptcha-response\" rows=\"3\" cols=\"40\" placeholder=\"Respuesta reCaptcha\">\r\n\t\t<\/textarea>\r\n\t<\/div>\r\n<\/noscript>\r\n<\/span>\n<p><input class=\"wpcf7-form-control wpcf7-submit has-spinner\" type=\"submit\" value=\"ENVIAR\" \/>\n<\/p><div class=\"wpcf7-response-output\" aria-hidden=\"true\"><\/div>\n<input type=\"hidden\" name=\"trp-form-language\" value=\"es\"\/><\/form>\n<\/div>\n\n\t<div class=\"wpb_text_column wpb_content_element\" >\n\t\t<div class=\"wpb_wrapper\">\n\t\t\t<p>No se compartir\u00e1 informaci\u00f3n m\u00f3vil con terceros\/afiliados con fines de marketing\/promoci\u00f3n. Todas las categor\u00edas anteriores excluyen los datos y el consentimiento del remitente de los mensajes de texto; esta informaci\u00f3n no se compartir\u00e1 con terceros.<\/p>\n\n\t\t<\/div>\n\t<\/div>\n<\/div><\/div><\/div><\/div><\/div><\/div><\/div><\/div><div class=\"vc_row-full-width vc_clearfix\"><\/div><!-- Row Backgrounds --><\/p>\n<\/div>","protected":false},"excerpt":{"rendered":"<p>Allied Medical Centers Let&#8217;s Get You Started on a Path to Recovery 403 N. York St. Houston, TX 77003Phone: (713) 785-2667Fax: (713) 300-9990Email: newpatients@alliedmedicalcenters.com Are you a new patient?Yes, I am a potential new patientNo, I&#039;m a current existing patientI&#039;m neither. No mobile information will be shared with third parties\/affiliates for marketing\/promotional purposes. All the&hellip;<\/p>","protected":false},"author":3,"featured_media":0,"parent":0,"menu_order":0,"comment_status":"closed","ping_status":"closed","template":"","meta":{"footnotes":""},"class_list":["post-179","page","type-page","status-publish","hentry","description-off"],"_links":{"self":[{"href":"https:\/\/alliedmedicalcenters.com\/es\/wp-json\/wp\/v2\/pages\/179","targetHints":{"allow":["GET"]}}],"collection":[{"href":"https:\/\/alliedmedicalcenters.com\/es\/wp-json\/wp\/v2\/pages"}],"about":[{"href":"https:\/\/alliedmedicalcenters.com\/es\/wp-json\/wp\/v2\/types\/page"}],"author":[{"embeddable":true,"href":"https:\/\/alliedmedicalcenters.com\/es\/wp-json\/wp\/v2\/users\/3"}],"replies":[{"embeddable":true,"href":"https:\/\/alliedmedicalcenters.com\/es\/wp-json\/wp\/v2\/comments?post=179"}],"version-history":[{"count":126,"href":"https:\/\/alliedmedicalcenters.com\/es\/wp-json\/wp\/v2\/pages\/179\/revisions"}],"predecessor-version":[{"id":1991,"href":"https:\/\/alliedmedicalcenters.com\/es\/wp-json\/wp\/v2\/pages\/179\/revisions\/1991"}],"wp:attachment":[{"href":"https:\/\/alliedmedicalcenters.com\/es\/wp-json\/wp\/v2\/media?parent=179"}],"curies":[{"name":"wp","href":"https:\/\/api.w.org\/{rel}","templated":true}]}}